{"id":8154,"date":"2023-04-26T14:13:11","date_gmt":"2023-04-26T14:13:11","guid":{"rendered":"https:\/\/coahoneycomb.com\/?post_type=product&#038;p=8154"},"modified":"2024-06-25T10:24:12","modified_gmt":"2024-06-25T10:24:12","slug":"vale-1-noite-para-2-pessoas-prova-de-vinhos","status":"publish","type":"product","link":"https:\/\/coahoneycomb.com\/en\/product\/vale-1-noite-para-2-pessoas-prova-de-vinhos\/","title":{"rendered":"Voucher 1 Night for 2 People + Wine Tasting"},"content":{"rendered":"<p>Wine Tasting Experience with overnight stay in our accommodation for 2 people.<\/p>\n<p>The reservation must be made after purchasing the gift certificate and through our email: reservas@coahoneycomb.com<\/p>","protected":false},"excerpt":{"rendered":"<p>Experi\u00eancia de Prova de Vinhos com estadia no nosso alojamento de uma noite para 2 pessoas. A reserva deve ser feita ap\u00f3s a aquisi\u00e7\u00e3o do vale de oferta e atrav\u00e9s do nosso email: reservas@coahoneycomb.com<\/p>","protected":false},"featured_media":8155,"comment_status":"closed","ping_status":"closed","template":"","meta":[],"product_brand":[],"product_cat":[76],"product_tag":[79,82,81,78,90,80,93,77],"class_list":{"0":"post-8154","1":"product","2":"type-product","3":"status-publish","4":"has-post-thumbnail","6":"product_cat-vales-de-oferta","7":"product_tag-2-pessoas","8":"product_tag-coa","9":"product_tag-coa-honeycomb","10":"product_tag-experiencia","11":"product_tag-natureza","12":"product_tag-pinhel","13":"product_tag-prova-de-vinhos","14":"product_tag-vale-de-oferta","16":"first","17":"instock","18":"shipping-taxable","19":"purchasable","20":"product-type-simple"},"_links":{"self":[{"href":"https:\/\/coahoneycomb.com\/en\/wp-json\/wp\/v2\/product\/8154","targetHints":{"allow":["GET"]}}],"collection":[{"href":"https:\/\/coahoneycomb.com\/en\/wp-json\/wp\/v2\/product"}],"about":[{"href":"https:\/\/coahoneycomb.com\/en\/wp-json\/wp\/v2\/types\/product"}],"replies":[{"embeddable":true,"href":"https:\/\/coahoneycomb.com\/en\/wp-json\/wp\/v2\/comments?post=8154"}],"wp:featuredmedia":[{"embeddable":true,"href":"https:\/\/coahoneycomb.com\/en\/wp-json\/wp\/v2\/media\/8155"}],"wp:attachment":[{"href":"https:\/\/coahoneycomb.com\/en\/wp-json\/wp\/v2\/media?parent=8154"}],"wp:term":[{"taxonomy":"product_brand","embeddable":true,"href":"https:\/\/coahoneycomb.com\/en\/wp-json\/wp\/v2\/product_brand?post=8154"},{"taxonomy":"product_cat","embeddable":true,"href":"https:\/\/coahoneycomb.com\/en\/wp-json\/wp\/v2\/product_cat?post=8154"},{"taxonomy":"product_tag","embeddable":true,"href":"https:\/\/coahoneycomb.com\/en\/wp-json\/wp\/v2\/product_tag?post=8154"}],"curies":[{"name":"wp","href":"https:\/\/api.w.org\/{rel}","templated":true}]}}