{"id":8110,"date":"2023-04-12T13:15:38","date_gmt":"2023-04-12T13:15:38","guid":{"rendered":"https:\/\/coahoneycomb.com\/?post_type=product&#038;p=8110"},"modified":"2024-06-25T10:20:48","modified_gmt":"2024-06-25T10:20:48","slug":"natureza","status":"publish","type":"product","link":"https:\/\/coahoneycomb.com\/en\/product\/natureza\/","title":{"rendered":"Nature"},"content":{"rendered":"<p>Experi\u00eancia na natureza com estadia no nosso alojamento de duas noites para 2 pessoas com picnic.<\/p>\n<p>The reservation must be made after purchasing the gift certificate and through our email: reservas@coahoneycomb.com<\/p>","protected":false},"excerpt":{"rendered":"<p>Experi\u00eancia na natureza com estadia no nosso alojamento de duas noites para 2 pessoas com picnic. A reserva deve ser feita ap\u00f3s a aquisi\u00e7\u00e3o do vale de oferta e atrav\u00e9s do nosso email: reservas@coahoneycomb.com<\/p>","protected":false},"featured_media":8111,"comment_status":"closed","ping_status":"closed","template":"","meta":[],"product_brand":[],"product_cat":[76],"product_tag":[79,82,81,78,89,90,80,77],"class_list":{"0":"post-8110","1":"product","2":"type-product","3":"status-publish","4":"has-post-thumbnail","6":"product_cat-vales-de-oferta","7":"product_tag-2-pessoas","8":"product_tag-coa","9":"product_tag-coa-honeycomb","10":"product_tag-experiencia","11":"product_tag-jantar","12":"product_tag-natureza","13":"product_tag-pinhel","14":"product_tag-vale-de-oferta","16":"first","17":"instock","18":"shipping-taxable","19":"purchasable","20":"product-type-simple"},"_links":{"self":[{"href":"https:\/\/coahoneycomb.com\/en\/wp-json\/wp\/v2\/product\/8110","targetHints":{"allow":["GET"]}}],"collection":[{"href":"https:\/\/coahoneycomb.com\/en\/wp-json\/wp\/v2\/product"}],"about":[{"href":"https:\/\/coahoneycomb.com\/en\/wp-json\/wp\/v2\/types\/product"}],"replies":[{"embeddable":true,"href":"https:\/\/coahoneycomb.com\/en\/wp-json\/wp\/v2\/comments?post=8110"}],"wp:featuredmedia":[{"embeddable":true,"href":"https:\/\/coahoneycomb.com\/en\/wp-json\/wp\/v2\/media\/8111"}],"wp:attachment":[{"href":"https:\/\/coahoneycomb.com\/en\/wp-json\/wp\/v2\/media?parent=8110"}],"wp:term":[{"taxonomy":"product_brand","embeddable":true,"href":"https:\/\/coahoneycomb.com\/en\/wp-json\/wp\/v2\/product_brand?post=8110"},{"taxonomy":"product_cat","embeddable":true,"href":"https:\/\/coahoneycomb.com\/en\/wp-json\/wp\/v2\/product_cat?post=8110"},{"taxonomy":"product_tag","embeddable":true,"href":"https:\/\/coahoneycomb.com\/en\/wp-json\/wp\/v2\/product_tag?post=8110"}],"curies":[{"name":"wp","href":"https:\/\/api.w.org\/{rel}","templated":true}]}}