{"id":7875,"date":"2023-04-04T17:17:02","date_gmt":"2023-04-04T17:17:02","guid":{"rendered":"https:\/\/coahoneycomb.com\/?page_id=7875"},"modified":"2023-04-05T16:06:57","modified_gmt":"2023-04-05T16:06:57","slug":"termos-e-condicoes","status":"publish","type":"page","link":"https:\/\/coahoneycomb.com\/en\/termos-e-condicoes\/","title":{"rendered":"Terms and conditions"},"content":{"rendered":"<div data-elementor-type=\"wp-page\" data-elementor-id=\"7875\" class=\"elementor elementor-7875\">\n\t\t\t\t\t\t<section class=\"elementor-section elementor-top-section elementor-element elementor-element-fb00ffe elementor-section-boxed elementor-section-height-default elementor-section-height-default qodef-elementor-content-no\" data-id=\"fb00ffe\" data-element_type=\"section\" data-settings=\"{&quot;background_background&quot;:&quot;classic&quot;}\">\n\t\t\t\t\t\t<div class=\"elementor-container elementor-column-gap-default\">\n\t\t\t\t\t<div class=\"elementor-column elementor-col-100 elementor-top-column elementor-element elementor-element-82f90e6\" data-id=\"82f90e6\" data-element_type=\"column\">\n\t\t\t<div class=\"elementor-widget-wrap elementor-element-populated\">\n\t\t\t\t\t\t<div class=\"elementor-element elementor-element-85d918a elementor-widget elementor-widget-spacer\" data-id=\"85d918a\" data-element_type=\"widget\" data-widget_type=\"spacer.default\">\n\t\t\t\t<div class=\"elementor-widget-container\">\n\t\t\t\t\t\t\t<div class=\"elementor-spacer\">\n\t\t\t<div class=\"elementor-spacer-inner\"><\/div>\n\t\t<\/div>\n\t\t\t\t\t\t<\/div>\n\t\t\t\t<\/div>\n\t\t\t\t\t<\/div>\n\t\t<\/div>\n\t\t\t\t\t<\/div>\n\t\t<\/section>\n\t\t\t\t<section class=\"elementor-section elementor-top-section elementor-element elementor-element-b37a8e1 elementor-section-full_width elementor-section-height-default elementor-section-height-default qodef-elementor-content-no\" data-id=\"b37a8e1\" data-element_type=\"section\" data-settings=\"{&quot;background_background&quot;:&quot;classic&quot;}\">\n\t\t\t\t\t\t<div class=\"elementor-container elementor-column-gap-no\">\n\t\t\t\t\t<div class=\"elementor-column elementor-col-100 elementor-top-column elementor-element elementor-element-f04be9b\" data-id=\"f04be9b\" data-element_type=\"column\">\n\t\t\t<div class=\"elementor-widget-wrap elementor-element-populated\">\n\t\t\t\t\t\t<div class=\"elementor-element elementor-element-7549da3 elementor-widget elementor-widget-qi_addons_for_elementor_animated_text\" data-id=\"7549da3\" data-element_type=\"widget\" data-widget_type=\"qi_addons_for_elementor_animated_text.default\">\n\t\t\t\t<div class=\"elementor-widget-container\">\n\t\t\t\t\t<div class=\"qodef-shortcode qodef-m qodef-qi-animated-text qodef--alignment-center qodef-qi--has-appear qodef--appear-from-bottom\" >\n\t\t<h2 class=\"qodef-m-title\">\n\t\tTerms and Conditions\t<\/h2>\n<\/div>\n\t\t\t\t<\/div>\n\t\t\t\t<\/div>\n\t\t\t\t\t<\/div>\n\t\t<\/div>\n\t\t\t\t\t<\/div>\n\t\t<\/section>\n\t\t\t\t<section class=\"elementor-section elementor-top-section elementor-element elementor-element-999a0f0 elementor-section-boxed elementor-section-height-default elementor-section-height-default qodef-elementor-content-no\" data-id=\"999a0f0\" data-element_type=\"section\" data-settings=\"{&quot;background_background&quot;:&quot;classic&quot;}\">\n\t\t\t\t\t\t<div class=\"elementor-container elementor-column-gap-default\">\n\t\t\t\t\t<div class=\"elementor-column elementor-col-100 elementor-top-column elementor-element elementor-element-d118186\" data-id=\"d118186\" data-element_type=\"column\">\n\t\t\t<div class=\"elementor-widget-wrap elementor-element-populated\">\n\t\t\t\t\t\t<div class=\"elementor-element elementor-element-866d669 elementor-widget elementor-widget-spacer\" data-id=\"866d669\" data-element_type=\"widget\" data-widget_type=\"spacer.default\">\n\t\t\t\t<div class=\"elementor-widget-container\">\n\t\t\t\t\t\t\t<div class=\"elementor-spacer\">\n\t\t\t<div class=\"elementor-spacer-inner\"><\/div>\n\t\t<\/div>\n\t\t\t\t\t\t<\/div>\n\t\t\t\t<\/div>\n\t\t\t\t\t<\/div>\n\t\t<\/div>\n\t\t\t\t\t<\/div>\n\t\t<\/section>\n\t\t\t\t<section class=\"elementor-section elementor-top-section elementor-element elementor-element-f8f326c elementor-section-boxed elementor-section-height-default elementor-section-height-default qodef-elementor-content-no\" data-id=\"f8f326c\" data-element_type=\"section\" data-settings=\"{&quot;background_background&quot;:&quot;classic&quot;}\">\n\t\t\t\t\t\t<div class=\"elementor-container elementor-column-gap-default\">\n\t\t\t\t\t<div class=\"elementor-column elementor-col-100 elementor-top-column elementor-element elementor-element-444d906\" data-id=\"444d906\" data-element_type=\"column\">\n\t\t\t<div class=\"elementor-widget-wrap elementor-element-populated\">\n\t\t\t\t\t\t<div class=\"elementor-element elementor-element-008892e elementor-widget elementor-widget-text-editor\" data-id=\"008892e\" data-element_type=\"widget\" data-widget_type=\"text-editor.default\">\n\t\t\t\t<div class=\"elementor-widget-container\">\n\t\t\t\t\t\t\t\t\t<p><strong>1. Ownership of the website<\/strong><br \/>GOSTO AMARGO UNIPESSOAL LDA<br \/>NIF: 510219462<br \/>LG DAS LAGES S\/N<br \/>QUINT\u00c3 DOS BERNARDOS<br \/>PINHEL<br \/>Tel: +351 271 411 834<br \/>Email: geral@coahoneycomb.com<\/p><p><strong>2. Limitation of Liability<\/strong><br \/>We make every effort to ensure that the information presented is free of typographical errors and, whenever these occur, we will proceed as soon as possible to correct them.<br \/>The images presented on the website are merely illustrative. We recommend that you consult the product characteristics for detailed information.<br \/>Despite the efforts of C\u00f4a Honeycomb (GOSTO AMARGO UNIPESSOAL LDA), some products may have incorrect prices, so we check prices whenever we detect an error or are alerted to it.<\/p><p><strong>3. Intellectual and industrial property<\/strong><br \/>All texts and images reproduced or represented on the coahoneycomb.com website are the exclusive property of C\u00f4a Honeycomb (GOSTO AMARGO UNIPESSOAL LDA) and, therefore, strictly reserved to C\u00f4a Honeycomb (GOSTO AMARGO UNIPESSOAL LDA) and protected under the terms of copyright as well as intellectual property rights in relation to third parties.<br \/>Any total or partial reproduction or representation of the coahoneycomb.com website or of all or part of the elements included therein is strictly prohibited.<br \/>The corporate names, brands and distinctive signs reproduced on the coahoneycomb.com website are protected under the terms of the legal provisions applicable to industrial property. The reproduction or representation of all or part of any distinctive signs is strictly prohibited.<\/p>\t\t\t\t\t\t\t\t<\/div>\n\t\t\t\t<\/div>\n\t\t\t\t\t<\/div>\n\t\t<\/div>\n\t\t\t\t\t<\/div>\n\t\t<\/section>\n\t\t\t\t<section class=\"elementor-section elementor-top-section elementor-element elementor-element-eb6b922 elementor-section-boxed elementor-section-height-default elementor-section-height-default qodef-elementor-content-no\" data-id=\"eb6b922\" data-element_type=\"section\" data-settings=\"{&quot;background_background&quot;:&quot;classic&quot;}\">\n\t\t\t\t\t\t<div class=\"elementor-container elementor-column-gap-default\">\n\t\t\t\t\t<div class=\"elementor-column elementor-col-100 elementor-top-column elementor-element elementor-element-0e798ba\" data-id=\"0e798ba\" data-element_type=\"column\">\n\t\t\t<div class=\"elementor-widget-wrap elementor-element-populated\">\n\t\t\t\t\t\t<div class=\"elementor-element elementor-element-e4bedb2 elementor-widget elementor-widget-spacer\" data-id=\"e4bedb2\" data-element_type=\"widget\" data-widget_type=\"spacer.default\">\n\t\t\t\t<div class=\"elementor-widget-container\">\n\t\t\t\t\t\t\t<div class=\"elementor-spacer\">\n\t\t\t<div class=\"elementor-spacer-inner\"><\/div>\n\t\t<\/div>\n\t\t\t\t\t\t<\/div>\n\t\t\t\t<\/div>\n\t\t\t\t\t<\/div>\n\t\t<\/div>\n\t\t\t\t\t<\/div>\n\t\t<\/section>\n\t\t\t\t<\/div>","protected":false},"excerpt":{"rendered":"<p>Termos e Condi\u00e7\u00f5es 1. Propriedade do siteGOSTO AMARGO UNIPESSOAL LDANIF: 510219462LG DAS LAGES S\/NQUINT\u00c3 DOS BERNARDOSPINHELTel: +351 271 411 834Email: geral@coahoneycomb.com 2. Limita\u00e7\u00e3o da responsabilidadeFazemos todos os esfor\u00e7os para que a informa\u00e7\u00e3o apresentada esteja isenta de erros tipogr\u00e1ficos e, sempre que estes ocorram, procederemos logo que poss\u00edvel, \u00e0 respetiva corre\u00e7\u00e3o.As imagens apresentadas no site s\u00e3o [&hellip;]<\/p>","protected":false},"author":2,"featured_media":0,"parent":0,"menu_order":0,"comment_status":"closed","ping_status":"closed","template":"page-full-width.php","meta":{"footnotes":""},"class_list":["post-7875","page","type-page","status-publish","hentry"],"_links":{"self":[{"href":"https:\/\/coahoneycomb.com\/en\/wp-json\/wp\/v2\/pages\/7875","targetHints":{"allow":["GET"]}}],"collection":[{"href":"https:\/\/coahoneycomb.com\/en\/wp-json\/wp\/v2\/pages"}],"about":[{"href":"https:\/\/coahoneycomb.com\/en\/wp-json\/wp\/v2\/types\/page"}],"author":[{"embeddable":true,"href":"https:\/\/coahoneycomb.com\/en\/wp-json\/wp\/v2\/users\/2"}],"replies":[{"embeddable":true,"href":"https:\/\/coahoneycomb.com\/en\/wp-json\/wp\/v2\/comments?post=7875"}],"version-history":[{"count":13,"href":"https:\/\/coahoneycomb.com\/en\/wp-json\/wp\/v2\/pages\/7875\/revisions"}],"predecessor-version":[{"id":7981,"href":"https:\/\/coahoneycomb.com\/en\/wp-json\/wp\/v2\/pages\/7875\/revisions\/7981"}],"wp:attachment":[{"href":"https:\/\/coahoneycomb.com\/en\/wp-json\/wp\/v2\/media?parent=7875"}],"curies":[{"name":"wp","href":"https:\/\/api.w.org\/{rel}","templated":true}]}}