{"id":7078,"date":"2023-03-13T11:28:37","date_gmt":"2023-03-13T11:28:37","guid":{"rendered":"https:\/\/coahoneycomb.com\/?page_id=7078"},"modified":"2023-04-04T13:24:49","modified_gmt":"2023-04-04T13:24:49","slug":"o-design","status":"publish","type":"page","link":"https:\/\/coahoneycomb.com\/en\/o-design\/","title":{"rendered":"The Design"},"content":{"rendered":"<div data-elementor-type=\"wp-page\" data-elementor-id=\"7078\" class=\"elementor elementor-7078\">\n\t\t\t\t\t\t<section class=\"elementor-section elementor-top-section elementor-element elementor-element-131c931 elementor-section-boxed elementor-section-height-default elementor-section-height-default qodef-elementor-content-no\" data-id=\"131c931\" data-element_type=\"section\" data-settings=\"{&quot;background_background&quot;:&quot;classic&quot;}\">\n\t\t\t\t\t\t<div class=\"elementor-container elementor-column-gap-default\">\n\t\t\t\t\t<div class=\"elementor-column elementor-col-100 elementor-top-column elementor-element elementor-element-53b8e3d\" data-id=\"53b8e3d\" data-element_type=\"column\">\n\t\t\t<div class=\"elementor-widget-wrap elementor-element-populated\">\n\t\t\t\t\t\t<div class=\"elementor-element elementor-element-3e46259 elementor-widget elementor-widget-spacer\" data-id=\"3e46259\" data-element_type=\"widget\" data-widget_type=\"spacer.default\">\n\t\t\t\t<div class=\"elementor-widget-container\">\n\t\t\t\t\t\t\t<div class=\"elementor-spacer\">\n\t\t\t<div class=\"elementor-spacer-inner\"><\/div>\n\t\t<\/div>\n\t\t\t\t\t\t<\/div>\n\t\t\t\t<\/div>\n\t\t\t\t\t<\/div>\n\t\t<\/div>\n\t\t\t\t\t<\/div>\n\t\t<\/section>\n\t\t\t\t<section class=\"elementor-section elementor-top-section elementor-element elementor-element-b20f95c elementor-section-boxed elementor-section-height-default elementor-section-height-default qodef-elementor-content-no\" data-id=\"b20f95c\" data-element_type=\"section\" data-settings=\"{&quot;background_background&quot;:&quot;classic&quot;}\">\n\t\t\t\t\t\t<div class=\"elementor-container elementor-column-gap-default\">\n\t\t\t\t\t<div class=\"elementor-column elementor-col-100 elementor-top-column elementor-element elementor-element-e719ba8\" data-id=\"e719ba8\" data-element_type=\"column\">\n\t\t\t<div class=\"elementor-widget-wrap elementor-element-populated\">\n\t\t\t\t\t\t<div class=\"elementor-element elementor-element-b1f68ae elementor-widget elementor-widget-qi_addons_for_elementor_animated_text\" data-id=\"b1f68ae\" data-element_type=\"widget\" data-widget_type=\"qi_addons_for_elementor_animated_text.default\">\n\t\t\t\t<div class=\"elementor-widget-container\">\n\t\t\t\t\t<div class=\"qodef-shortcode qodef-m qodef-qi-animated-text qodef--alignment-center qodef-qi--has-appear qodef--appear-from-bottom\" >\n\t\t<h2 class=\"qodef-m-title\">\n\t\tThe Design\t<\/h2>\n<\/div>\n\t\t\t\t<\/div>\n\t\t\t\t<\/div>\n\t\t\t\t\t<\/div>\n\t\t<\/div>\n\t\t\t\t\t<\/div>\n\t\t<\/section>\n\t\t\t\t<section class=\"elementor-section elementor-top-section elementor-element elementor-element-7626e75 elementor-section-boxed elementor-section-height-default elementor-section-height-default qodef-elementor-content-no\" data-id=\"7626e75\" data-element_type=\"section\" data-settings=\"{&quot;background_background&quot;:&quot;classic&quot;}\">\n\t\t\t\t\t\t<div class=\"elementor-container elementor-column-gap-default\">\n\t\t\t\t\t<div class=\"elementor-column elementor-col-100 elementor-top-column elementor-element elementor-element-6d127ce\" data-id=\"6d127ce\" data-element_type=\"column\">\n\t\t\t<div class=\"elementor-widget-wrap elementor-element-populated\">\n\t\t\t\t\t\t<div class=\"elementor-element elementor-element-2034827 elementor-widget elementor-widget-spacer\" data-id=\"2034827\" data-element_type=\"widget\" data-widget_type=\"spacer.default\">\n\t\t\t\t<div class=\"elementor-widget-container\">\n\t\t\t\t\t\t\t<div class=\"elementor-spacer\">\n\t\t\t<div class=\"elementor-spacer-inner\"><\/div>\n\t\t<\/div>\n\t\t\t\t\t\t<\/div>\n\t\t\t\t<\/div>\n\t\t\t\t\t<\/div>\n\t\t<\/div>\n\t\t\t\t\t<\/div>\n\t\t<\/section>\n\t\t\t\t<section class=\"elementor-section elementor-top-section elementor-element elementor-element-6d63c47 elementor-section-boxed elementor-section-height-default elementor-section-height-default qodef-elementor-content-no\" data-id=\"6d63c47\" data-element_type=\"section\" data-settings=\"{&quot;background_background&quot;:&quot;classic&quot;}\">\n\t\t\t\t\t\t<div class=\"elementor-container elementor-column-gap-default\">\n\t\t\t\t\t<div class=\"elementor-column elementor-col-25 elementor-top-column elementor-element elementor-element-f76ab9d\" data-id=\"f76ab9d\" data-element_type=\"column\">\n\t\t\t<div class=\"elementor-widget-wrap elementor-element-populated\">\n\t\t\t\t\t\t<div class=\"elementor-element elementor-element-fd09be0 elementor-widget elementor-widget-text-editor\" data-id=\"fd09be0\" data-element_type=\"widget\" data-widget_type=\"text-editor.default\">\n\t\t\t\t<div class=\"elementor-widget-container\">\n\t\t\t\t\t\t\t\t\t<p><span style=\"font-weight: 400;\">Given the surrounding nature of the C\u00f4a landscapes, the combs were built in wood in order to respect the balance with the surrounding olive grove. In addition, wood is a material of excellence in terms of thermal comfort, also ensuring better acoustic insulation. However, the interior has not been forgotten, with the honeycombs endowed with a minimalist design, but at the same time, modern and attractive.<\/span><\/p>\t\t\t\t\t\t\t\t<\/div>\n\t\t\t\t<\/div>\n\t\t\t\t\t<\/div>\n\t\t<\/div>\n\t\t\t\t<div class=\"elementor-column elementor-col-25 elementor-top-column elementor-element elementor-element-4420190\" data-id=\"4420190\" data-element_type=\"column\">\n\t\t\t<div class=\"elementor-widget-wrap elementor-element-populated\">\n\t\t\t\t\t\t<div class=\"elementor-element elementor-element-674e117 elementor-widget elementor-widget-chalet_core_single_image\" data-id=\"674e117\" data-element_type=\"widget\" data-widget_type=\"chalet_core_single_image.default\">\n\t\t\t\t<div class=\"elementor-widget-container\">\n\t\t\t\t\t<div class=\"qodef-shortcode qodef-m  qodef-single-image qodef-layout--default\">\n\t\t\t<div class=\"qodef-m-image\">\n\t\t\t\t\t\t<a class=\"qodef-magnific-popup qodef-popup-item\" itemprop=\"image\" href=\"https:\/\/coahoneycomb.com\/wp-content\/uploads\/2023\/04\/Design_3_Coa_Honeycomb.jpg\" data-type=\"image\" title=\"Design\">\n\t\t\t\t\t\t\t\t\t<img fetchpriority=\"high\" decoding=\"async\" width=\"1200\" height=\"1800\" src=\"https:\/\/coahoneycomb.com\/wp-content\/uploads\/2023\/04\/Design_3_Coa_Honeycomb.jpg\" class=\"attachment-full size-full\" alt=\"Design\" srcset=\"https:\/\/coahoneycomb.com\/wp-content\/uploads\/2023\/04\/Design_3_Coa_Honeycomb.jpg 1200w, https:\/\/coahoneycomb.com\/wp-content\/uploads\/2023\/04\/Design_3_Coa_Honeycomb-200x300.jpg 200w, https:\/\/coahoneycomb.com\/wp-content\/uploads\/2023\/04\/Design_3_Coa_Honeycomb-683x1024.jpg 683w, https:\/\/coahoneycomb.com\/wp-content\/uploads\/2023\/04\/Design_3_Coa_Honeycomb-768x1152.jpg 768w, https:\/\/coahoneycomb.com\/wp-content\/uploads\/2023\/04\/Design_3_Coa_Honeycomb-1024x1536.jpg 1024w, https:\/\/coahoneycomb.com\/wp-content\/uploads\/2023\/04\/Design_3_Coa_Honeycomb-600x900.jpg 600w\" sizes=\"(max-width: 1200px) 100vw, 1200px\" \/>\t\t\t\t\t\t\t\t\t<\/a>\n\t\t\t\t\t<\/div>\n\t<\/div>\n\t\t\t\t<\/div>\n\t\t\t\t<\/div>\n\t\t\t\t\t<\/div>\n\t\t<\/div>\n\t\t\t\t<div class=\"elementor-column elementor-col-25 elementor-top-column elementor-element elementor-element-71820bb\" data-id=\"71820bb\" data-element_type=\"column\">\n\t\t\t<div class=\"elementor-widget-wrap elementor-element-populated\">\n\t\t\t\t\t\t<div class=\"elementor-element elementor-element-4487059 elementor-widget elementor-widget-chalet_core_single_image\" data-id=\"4487059\" data-element_type=\"widget\" data-widget_type=\"chalet_core_single_image.default\">\n\t\t\t\t<div class=\"elementor-widget-container\">\n\t\t\t\t\t<div class=\"qodef-shortcode qodef-m  qodef-single-image qodef-layout--default\">\n\t\t\t<div class=\"qodef-m-image\">\n\t\t\t\t\t\t<a class=\"qodef-magnific-popup qodef-popup-item\" itemprop=\"image\" href=\"https:\/\/coahoneycomb.com\/wp-content\/uploads\/2023\/04\/Design_7_Coa_Honeycomb.jpg\" data-type=\"image\" title=\"Design\">\n\t\t\t\t\t\t\t\t\t<img decoding=\"async\" width=\"1200\" height=\"1800\" src=\"https:\/\/coahoneycomb.com\/wp-content\/uploads\/2023\/04\/Design_7_Coa_Honeycomb.jpg\" class=\"attachment-full size-full\" alt=\"Design\" srcset=\"https:\/\/coahoneycomb.com\/wp-content\/uploads\/2023\/04\/Design_7_Coa_Honeycomb.jpg 1200w, https:\/\/coahoneycomb.com\/wp-content\/uploads\/2023\/04\/Design_7_Coa_Honeycomb-200x300.jpg 200w, https:\/\/coahoneycomb.com\/wp-content\/uploads\/2023\/04\/Design_7_Coa_Honeycomb-683x1024.jpg 683w, https:\/\/coahoneycomb.com\/wp-content\/uploads\/2023\/04\/Design_7_Coa_Honeycomb-768x1152.jpg 768w, https:\/\/coahoneycomb.com\/wp-content\/uploads\/2023\/04\/Design_7_Coa_Honeycomb-1024x1536.jpg 1024w, https:\/\/coahoneycomb.com\/wp-content\/uploads\/2023\/04\/Design_7_Coa_Honeycomb-600x900.jpg 600w\" sizes=\"(max-width: 1200px) 100vw, 1200px\" \/>\t\t\t\t\t\t\t\t\t<\/a>\n\t\t\t\t\t<\/div>\n\t<\/div>\n\t\t\t\t<\/div>\n\t\t\t\t<\/div>\n\t\t\t\t\t<\/div>\n\t\t<\/div>\n\t\t\t\t<div class=\"elementor-column elementor-col-25 elementor-top-column elementor-element elementor-element-23cb1a7\" data-id=\"23cb1a7\" data-element_type=\"column\">\n\t\t\t<div class=\"elementor-widget-wrap elementor-element-populated\">\n\t\t\t\t\t\t<div class=\"elementor-element elementor-element-db7d9c8 elementor-widget elementor-widget-chalet_core_single_image\" data-id=\"db7d9c8\" data-element_type=\"widget\" data-widget_type=\"chalet_core_single_image.default\">\n\t\t\t\t<div class=\"elementor-widget-container\">\n\t\t\t\t\t<div class=\"qodef-shortcode qodef-m  qodef-single-image qodef-layout--default\">\n\t\t\t<div class=\"qodef-m-image\">\n\t\t\t\t\t\t<a class=\"qodef-magnific-popup qodef-popup-item\" itemprop=\"image\" href=\"https:\/\/coahoneycomb.com\/wp-content\/uploads\/2023\/04\/Design_2_Coa_Honeycomb.jpg\" data-type=\"image\" title=\"Design\">\n\t\t\t\t\t\t\t\t\t<img decoding=\"async\" width=\"1200\" height=\"1800\" src=\"https:\/\/coahoneycomb.com\/wp-content\/uploads\/2023\/04\/Design_2_Coa_Honeycomb.jpg\" class=\"attachment-full size-full\" alt=\"Design\" srcset=\"https:\/\/coahoneycomb.com\/wp-content\/uploads\/2023\/04\/Design_2_Coa_Honeycomb.jpg 1200w, https:\/\/coahoneycomb.com\/wp-content\/uploads\/2023\/04\/Design_2_Coa_Honeycomb-200x300.jpg 200w, https:\/\/coahoneycomb.com\/wp-content\/uploads\/2023\/04\/Design_2_Coa_Honeycomb-683x1024.jpg 683w, https:\/\/coahoneycomb.com\/wp-content\/uploads\/2023\/04\/Design_2_Coa_Honeycomb-768x1152.jpg 768w, https:\/\/coahoneycomb.com\/wp-content\/uploads\/2023\/04\/Design_2_Coa_Honeycomb-1024x1536.jpg 1024w, https:\/\/coahoneycomb.com\/wp-content\/uploads\/2023\/04\/Design_2_Coa_Honeycomb-600x900.jpg 600w\" sizes=\"(max-width: 1200px) 100vw, 1200px\" \/>\t\t\t\t\t\t\t\t\t<\/a>\n\t\t\t\t\t<\/div>\n\t<\/div>\n\t\t\t\t<\/div>\n\t\t\t\t<\/div>\n\t\t\t\t\t<\/div>\n\t\t<\/div>\n\t\t\t\t\t<\/div>\n\t\t<\/section>\n\t\t\t\t<section class=\"elementor-section elementor-top-section elementor-element elementor-element-14ab968 elementor-section-boxed elementor-section-height-default elementor-section-height-default qodef-elementor-content-no\" data-id=\"14ab968\" data-element_type=\"section\" data-settings=\"{&quot;background_background&quot;:&quot;classic&quot;}\">\n\t\t\t\t\t\t<div class=\"elementor-container elementor-column-gap-default\">\n\t\t\t\t\t<div class=\"elementor-column elementor-col-100 elementor-top-column elementor-element elementor-element-022a542\" data-id=\"022a542\" data-element_type=\"column\">\n\t\t\t<div class=\"elementor-widget-wrap elementor-element-populated\">\n\t\t\t\t\t\t<div class=\"elementor-element elementor-element-25de0e6 elementor-widget elementor-widget-spacer\" data-id=\"25de0e6\" data-element_type=\"widget\" data-widget_type=\"spacer.default\">\n\t\t\t\t<div class=\"elementor-widget-container\">\n\t\t\t\t\t\t\t<div class=\"elementor-spacer\">\n\t\t\t<div class=\"elementor-spacer-inner\"><\/div>\n\t\t<\/div>\n\t\t\t\t\t\t<\/div>\n\t\t\t\t<\/div>\n\t\t\t\t\t<\/div>\n\t\t<\/div>\n\t\t\t\t\t<\/div>\n\t\t<\/section>\n\t\t\t\t<section class=\"elementor-section elementor-top-section elementor-element elementor-element-41d5638 elementor-section-full_width elementor-section-height-default elementor-section-height-default qodef-elementor-content-no\" data-id=\"41d5638\" data-element_type=\"section\" data-settings=\"{&quot;background_background&quot;:&quot;classic&quot;}\">\n\t\t\t\t\t\t<div class=\"elementor-container elementor-column-gap-default\">\n\t\t\t\t\t<div class=\"elementor-column elementor-col-50 elementor-top-column elementor-element elementor-element-7e407d8\" data-id=\"7e407d8\" data-element_type=\"column\">\n\t\t\t<div class=\"elementor-widget-wrap elementor-element-populated\">\n\t\t\t\t\t\t<div class=\"elementor-element elementor-element-28ae0b5 elementor-widget elementor-widget-chalet_core_single_image\" data-id=\"28ae0b5\" data-element_type=\"widget\" data-widget_type=\"chalet_core_single_image.default\">\n\t\t\t\t<div class=\"elementor-widget-container\">\n\t\t\t\t\t<div class=\"qodef-shortcode qodef-m  qodef-single-image qodef-layout--default\">\n\t\t\t<div class=\"qodef-m-image\">\n\t\t\t\t\t\t<a class=\"qodef-magnific-popup qodef-popup-item\" itemprop=\"image\" href=\"https:\/\/coahoneycomb.com\/wp-content\/uploads\/2023\/04\/Design_4_Coa_Honeycomb.jpg\" data-type=\"image\" title=\"Design\">\n\t\t\t\t\t\t\t\t\t<img loading=\"lazy\" decoding=\"async\" width=\"2000\" height=\"1336\" src=\"https:\/\/coahoneycomb.com\/wp-content\/uploads\/2023\/04\/Design_4_Coa_Honeycomb.jpg\" class=\"attachment-full size-full\" alt=\"Design\" srcset=\"https:\/\/coahoneycomb.com\/wp-content\/uploads\/2023\/04\/Design_4_Coa_Honeycomb.jpg 2000w, https:\/\/coahoneycomb.com\/wp-content\/uploads\/2023\/04\/Design_4_Coa_Honeycomb-300x200.jpg 300w, https:\/\/coahoneycomb.com\/wp-content\/uploads\/2023\/04\/Design_4_Coa_Honeycomb-1024x684.jpg 1024w, https:\/\/coahoneycomb.com\/wp-content\/uploads\/2023\/04\/Design_4_Coa_Honeycomb-768x513.jpg 768w, https:\/\/coahoneycomb.com\/wp-content\/uploads\/2023\/04\/Design_4_Coa_Honeycomb-1536x1026.jpg 1536w, https:\/\/coahoneycomb.com\/wp-content\/uploads\/2023\/04\/Design_4_Coa_Honeycomb-600x401.jpg 600w\" sizes=\"(max-width: 2000px) 100vw, 2000px\" \/>\t\t\t\t\t\t\t\t\t<\/a>\n\t\t\t\t\t<\/div>\n\t<\/div>\n\t\t\t\t<\/div>\n\t\t\t\t<\/div>\n\t\t\t\t\t<\/div>\n\t\t<\/div>\n\t\t\t\t<div class=\"elementor-column elementor-col-50 elementor-top-column elementor-element elementor-element-db29e95\" data-id=\"db29e95\" data-element_type=\"column\">\n\t\t\t<div class=\"elementor-widget-wrap elementor-element-populated\">\n\t\t\t\t\t\t<div class=\"elementor-element elementor-element-8e08546 elementor-widget elementor-widget-chalet_core_single_image\" data-id=\"8e08546\" data-element_type=\"widget\" data-widget_type=\"chalet_core_single_image.default\">\n\t\t\t\t<div class=\"elementor-widget-container\">\n\t\t\t\t\t<div class=\"qodef-shortcode qodef-m  qodef-single-image qodef-layout--default\">\n\t\t\t<div class=\"qodef-m-image\">\n\t\t\t\t\t\t<a class=\"qodef-magnific-popup qodef-popup-item\" itemprop=\"image\" href=\"https:\/\/coahoneycomb.com\/wp-content\/uploads\/2023\/04\/Design_5_Coa_Honeycomb.jpg\" data-type=\"image\" title=\"Design\">\n\t\t\t\t\t\t\t\t\t<img loading=\"lazy\" decoding=\"async\" width=\"2000\" height=\"1336\" src=\"https:\/\/coahoneycomb.com\/wp-content\/uploads\/2023\/04\/Design_5_Coa_Honeycomb.jpg\" class=\"attachment-full size-full\" alt=\"Design\" srcset=\"https:\/\/coahoneycomb.com\/wp-content\/uploads\/2023\/04\/Design_5_Coa_Honeycomb.jpg 2000w, https:\/\/coahoneycomb.com\/wp-content\/uploads\/2023\/04\/Design_5_Coa_Honeycomb-300x200.jpg 300w, https:\/\/coahoneycomb.com\/wp-content\/uploads\/2023\/04\/Design_5_Coa_Honeycomb-1024x684.jpg 1024w, https:\/\/coahoneycomb.com\/wp-content\/uploads\/2023\/04\/Design_5_Coa_Honeycomb-768x513.jpg 768w, https:\/\/coahoneycomb.com\/wp-content\/uploads\/2023\/04\/Design_5_Coa_Honeycomb-1536x1026.jpg 1536w, https:\/\/coahoneycomb.com\/wp-content\/uploads\/2023\/04\/Design_5_Coa_Honeycomb-600x401.jpg 600w\" sizes=\"(max-width: 2000px) 100vw, 2000px\" \/>\t\t\t\t\t\t\t\t\t<\/a>\n\t\t\t\t\t<\/div>\n\t<\/div>\n\t\t\t\t<\/div>\n\t\t\t\t<\/div>\n\t\t\t\t\t<\/div>\n\t\t<\/div>\n\t\t\t\t\t<\/div>\n\t\t<\/section>\n\t\t\t\t<section class=\"elementor-section elementor-top-section elementor-element elementor-element-177fb2e elementor-section-boxed elementor-section-height-default elementor-section-height-default qodef-elementor-content-no\" data-id=\"177fb2e\" data-element_type=\"section\" data-settings=\"{&quot;background_background&quot;:&quot;classic&quot;}\">\n\t\t\t\t\t\t<div class=\"elementor-container elementor-column-gap-default\">\n\t\t\t\t\t<div class=\"elementor-column elementor-col-100 elementor-top-column elementor-element elementor-element-4a5a409\" data-id=\"4a5a409\" data-element_type=\"column\">\n\t\t\t<div class=\"elementor-widget-wrap elementor-element-populated\">\n\t\t\t\t\t\t<div class=\"elementor-element elementor-element-3ed284c elementor-widget elementor-widget-spacer\" data-id=\"3ed284c\" data-element_type=\"widget\" data-widget_type=\"spacer.default\">\n\t\t\t\t<div class=\"elementor-widget-container\">\n\t\t\t\t\t\t\t<div class=\"elementor-spacer\">\n\t\t\t<div class=\"elementor-spacer-inner\"><\/div>\n\t\t<\/div>\n\t\t\t\t\t\t<\/div>\n\t\t\t\t<\/div>\n\t\t\t\t\t<\/div>\n\t\t<\/div>\n\t\t\t\t\t<\/div>\n\t\t<\/section>\n\t\t\t\t<section class=\"elementor-section elementor-top-section elementor-element elementor-element-330dc74 elementor-section-boxed elementor-section-height-default elementor-section-height-default qodef-elementor-content-no\" data-id=\"330dc74\" data-element_type=\"section\" data-settings=\"{&quot;background_background&quot;:&quot;classic&quot;}\">\n\t\t\t\t\t\t<div class=\"elementor-container elementor-column-gap-default\">\n\t\t\t\t\t<div class=\"elementor-column elementor-col-33 elementor-top-column elementor-element elementor-element-b578d0d\" data-id=\"b578d0d\" data-element_type=\"column\">\n\t\t\t<div class=\"elementor-widget-wrap elementor-element-populated\">\n\t\t\t\t\t\t<div class=\"elementor-element elementor-element-0d8a798 elementor-widget elementor-widget-chalet_core_single_image\" data-id=\"0d8a798\" data-element_type=\"widget\" data-widget_type=\"chalet_core_single_image.default\">\n\t\t\t\t<div class=\"elementor-widget-container\">\n\t\t\t\t\t<div class=\"qodef-shortcode qodef-m  qodef-single-image qodef-layout--default\">\n\t\t\t<div class=\"qodef-m-image\">\n\t\t\t\t\t\t<a class=\"qodef-magnific-popup qodef-popup-item\" itemprop=\"image\" href=\"https:\/\/coahoneycomb.com\/wp-content\/uploads\/2023\/04\/Design_1_Coa_Honeycomb.jpg\" data-type=\"image\" title=\"Design\">\n\t\t\t\t\t\t\t\t\t<img loading=\"lazy\" decoding=\"async\" width=\"1200\" height=\"1800\" src=\"https:\/\/coahoneycomb.com\/wp-content\/uploads\/2023\/04\/Design_1_Coa_Honeycomb.jpg\" class=\"attachment-full size-full\" alt=\"Design\" srcset=\"https:\/\/coahoneycomb.com\/wp-content\/uploads\/2023\/04\/Design_1_Coa_Honeycomb.jpg 1200w, https:\/\/coahoneycomb.com\/wp-content\/uploads\/2023\/04\/Design_1_Coa_Honeycomb-200x300.jpg 200w, https:\/\/coahoneycomb.com\/wp-content\/uploads\/2023\/04\/Design_1_Coa_Honeycomb-683x1024.jpg 683w, https:\/\/coahoneycomb.com\/wp-content\/uploads\/2023\/04\/Design_1_Coa_Honeycomb-768x1152.jpg 768w, https:\/\/coahoneycomb.com\/wp-content\/uploads\/2023\/04\/Design_1_Coa_Honeycomb-1024x1536.jpg 1024w, https:\/\/coahoneycomb.com\/wp-content\/uploads\/2023\/04\/Design_1_Coa_Honeycomb-600x900.jpg 600w\" sizes=\"(max-width: 1200px) 100vw, 1200px\" \/>\t\t\t\t\t\t\t\t\t<\/a>\n\t\t\t\t\t<\/div>\n\t<\/div>\n\t\t\t\t<\/div>\n\t\t\t\t<\/div>\n\t\t\t\t\t<\/div>\n\t\t<\/div>\n\t\t\t\t<div class=\"elementor-column elementor-col-66 elementor-top-column elementor-element elementor-element-d8279fb\" data-id=\"d8279fb\" data-element_type=\"column\">\n\t\t\t<div class=\"elementor-widget-wrap elementor-element-populated\">\n\t\t\t\t\t\t<div class=\"elementor-element elementor-element-7370de3 elementor-widget elementor-widget-chalet_core_single_image\" data-id=\"7370de3\" data-element_type=\"widget\" data-widget_type=\"chalet_core_single_image.default\">\n\t\t\t\t<div class=\"elementor-widget-container\">\n\t\t\t\t\t<div class=\"qodef-shortcode qodef-m  qodef-single-image qodef-layout--default\">\n\t\t\t<div class=\"qodef-m-image\">\n\t\t\t\t\t\t<a class=\"qodef-magnific-popup qodef-popup-item\" itemprop=\"image\" href=\"https:\/\/coahoneycomb.com\/wp-content\/uploads\/2023\/04\/Design_6_Coa_Honeycomb.jpg\" data-type=\"image\" title=\"Design\">\n\t\t\t\t\t\t\t\t\t<img loading=\"lazy\" decoding=\"async\" width=\"2000\" height=\"1336\" src=\"https:\/\/coahoneycomb.com\/wp-content\/uploads\/2023\/04\/Design_6_Coa_Honeycomb.jpg\" class=\"attachment-full size-full\" alt=\"Design\" srcset=\"https:\/\/coahoneycomb.com\/wp-content\/uploads\/2023\/04\/Design_6_Coa_Honeycomb.jpg 2000w, https:\/\/coahoneycomb.com\/wp-content\/uploads\/2023\/04\/Design_6_Coa_Honeycomb-300x200.jpg 300w, https:\/\/coahoneycomb.com\/wp-content\/uploads\/2023\/04\/Design_6_Coa_Honeycomb-1024x684.jpg 1024w, https:\/\/coahoneycomb.com\/wp-content\/uploads\/2023\/04\/Design_6_Coa_Honeycomb-768x513.jpg 768w, https:\/\/coahoneycomb.com\/wp-content\/uploads\/2023\/04\/Design_6_Coa_Honeycomb-1536x1026.jpg 1536w, https:\/\/coahoneycomb.com\/wp-content\/uploads\/2023\/04\/Design_6_Coa_Honeycomb-600x401.jpg 600w\" sizes=\"(max-width: 2000px) 100vw, 2000px\" \/>\t\t\t\t\t\t\t\t\t<\/a>\n\t\t\t\t\t<\/div>\n\t<\/div>\n\t\t\t\t<\/div>\n\t\t\t\t<\/div>\n\t\t\t\t\t<\/div>\n\t\t<\/div>\n\t\t\t\t\t<\/div>\n\t\t<\/section>\n\t\t\t\t<section class=\"elementor-section elementor-top-section elementor-element elementor-element-4cfe419 elementor-section-boxed elementor-section-height-default elementor-section-height-default qodef-elementor-content-no\" data-id=\"4cfe419\" data-element_type=\"section\" data-settings=\"{&quot;background_background&quot;:&quot;classic&quot;}\">\n\t\t\t\t\t\t<div class=\"elementor-container elementor-column-gap-default\">\n\t\t\t\t\t<div class=\"elementor-column elementor-col-100 elementor-top-column elementor-element elementor-element-143d4d2\" data-id=\"143d4d2\" data-element_type=\"column\">\n\t\t\t<div class=\"elementor-widget-wrap elementor-element-populated\">\n\t\t\t\t\t\t<div class=\"elementor-element elementor-element-aae17be elementor-widget elementor-widget-spacer\" data-id=\"aae17be\" data-element_type=\"widget\" data-widget_type=\"spacer.default\">\n\t\t\t\t<div class=\"elementor-widget-container\">\n\t\t\t\t\t\t\t<div class=\"elementor-spacer\">\n\t\t\t<div class=\"elementor-spacer-inner\"><\/div>\n\t\t<\/div>\n\t\t\t\t\t\t<\/div>\n\t\t\t\t<\/div>\n\t\t\t\t\t<\/div>\n\t\t<\/div>\n\t\t\t\t\t<\/div>\n\t\t<\/section>\n\t\t\t\t<\/div>","protected":false},"excerpt":{"rendered":"<p>O Design Atendendo a natureza envolvente das paisagens do C\u00f4a, os favos foram constru\u00eddos em madeira de forma a respeitar o equil\u00edbrio com o olival circundante. Al\u00e9m disso, a madeira \u00e9 um material de excel\u00eancia no que respeita ao conforto t\u00e9rmico, garantindo tamb\u00e9m um melhor isolamento ac\u00fastico. No entanto, o interior n\u00e3o foi esquecido, estando [&hellip;]<\/p>","protected":false},"author":2,"featured_media":0,"parent":0,"menu_order":0,"comment_status":"closed","ping_status":"closed","template":"page-full-width.php","meta":{"footnotes":""},"class_list":["post-7078","page","type-page","status-publish","hentry"],"_links":{"self":[{"href":"https:\/\/coahoneycomb.com\/en\/wp-json\/wp\/v2\/pages\/7078","targetHints":{"allow":["GET"]}}],"collection":[{"href":"https:\/\/coahoneycomb.com\/en\/wp-json\/wp\/v2\/pages"}],"about":[{"href":"https:\/\/coahoneycomb.com\/en\/wp-json\/wp\/v2\/types\/page"}],"author":[{"embeddable":true,"href":"https:\/\/coahoneycomb.com\/en\/wp-json\/wp\/v2\/users\/2"}],"replies":[{"embeddable":true,"href":"https:\/\/coahoneycomb.com\/en\/wp-json\/wp\/v2\/comments?post=7078"}],"version-history":[{"count":41,"href":"https:\/\/coahoneycomb.com\/en\/wp-json\/wp\/v2\/pages\/7078\/revisions"}],"predecessor-version":[{"id":7775,"href":"https:\/\/coahoneycomb.com\/en\/wp-json\/wp\/v2\/pages\/7078\/revisions\/7775"}],"wp:attachment":[{"href":"https:\/\/coahoneycomb.com\/en\/wp-json\/wp\/v2\/media?parent=7078"}],"curies":[{"name":"wp","href":"https:\/\/api.w.org\/{rel}","templated":true}]}}