{"id":7073,"date":"2023-03-13T11:27:05","date_gmt":"2023-03-13T11:27:05","guid":{"rendered":"https:\/\/coahoneycomb.com\/?page_id=7073"},"modified":"2023-04-04T13:30:21","modified_gmt":"2023-04-04T13:30:21","slug":"o-projeto","status":"publish","type":"page","link":"https:\/\/coahoneycomb.com\/en\/o-projeto\/","title":{"rendered":"The Project"},"content":{"rendered":"<div data-elementor-type=\"wp-page\" data-elementor-id=\"7073\" class=\"elementor elementor-7073\">\n\t\t\t\t\t\t<section class=\"elementor-section elementor-top-section elementor-element elementor-element-8b5ed78 elementor-section-boxed elementor-section-height-default elementor-section-height-default qodef-elementor-content-no\" data-id=\"8b5ed78\" data-element_type=\"section\" data-settings=\"{&quot;background_background&quot;:&quot;classic&quot;}\">\n\t\t\t\t\t\t<div class=\"elementor-container elementor-column-gap-default\">\n\t\t\t\t\t<div class=\"elementor-column elementor-col-100 elementor-top-column elementor-element elementor-element-5be1c26\" data-id=\"5be1c26\" data-element_type=\"column\">\n\t\t\t<div class=\"elementor-widget-wrap elementor-element-populated\">\n\t\t\t\t\t\t<div class=\"elementor-element elementor-element-9d9e106 elementor-widget elementor-widget-spacer\" data-id=\"9d9e106\" data-element_type=\"widget\" data-widget_type=\"spacer.default\">\n\t\t\t\t<div class=\"elementor-widget-container\">\n\t\t\t\t\t\t\t<div class=\"elementor-spacer\">\n\t\t\t<div class=\"elementor-spacer-inner\"><\/div>\n\t\t<\/div>\n\t\t\t\t\t\t<\/div>\n\t\t\t\t<\/div>\n\t\t\t\t\t<\/div>\n\t\t<\/div>\n\t\t\t\t\t<\/div>\n\t\t<\/section>\n\t\t\t\t<section class=\"elementor-section elementor-top-section elementor-element elementor-element-d1910a5 elementor-section-full_width elementor-section-height-default elementor-section-height-default qodef-elementor-content-no\" data-id=\"d1910a5\" data-element_type=\"section\" data-settings=\"{&quot;background_background&quot;:&quot;classic&quot;}\">\n\t\t\t\t\t\t<div class=\"elementor-container elementor-column-gap-default\">\n\t\t\t\t\t<div class=\"elementor-column elementor-col-100 elementor-top-column elementor-element elementor-element-734a3c7\" data-id=\"734a3c7\" data-element_type=\"column\">\n\t\t\t<div class=\"elementor-widget-wrap elementor-element-populated\">\n\t\t\t\t\t\t<div class=\"elementor-element elementor-element-8409462 elementor-widget elementor-widget-qi_addons_for_elementor_animated_text\" data-id=\"8409462\" data-element_type=\"widget\" data-widget_type=\"qi_addons_for_elementor_animated_text.default\">\n\t\t\t\t<div class=\"elementor-widget-container\">\n\t\t\t\t\t<div class=\"qodef-shortcode qodef-m qodef-qi-animated-text qodef--alignment-center qodef-qi--has-appear qodef--appear-from-bottom\" >\n\t\t<h2 class=\"qodef-m-title\">\n\t\tThe Project\t<\/h2>\n<\/div>\n\t\t\t\t<\/div>\n\t\t\t\t<\/div>\n\t\t\t\t\t<\/div>\n\t\t<\/div>\n\t\t\t\t\t<\/div>\n\t\t<\/section>\n\t\t\t\t<section class=\"elementor-section elementor-top-section elementor-element elementor-element-bb003b6 elementor-section-boxed elementor-section-height-default elementor-section-height-default qodef-elementor-content-no\" data-id=\"bb003b6\" data-element_type=\"section\" data-settings=\"{&quot;background_background&quot;:&quot;classic&quot;}\">\n\t\t\t\t\t\t<div class=\"elementor-container elementor-column-gap-default\">\n\t\t\t\t\t<div class=\"elementor-column elementor-col-100 elementor-top-column elementor-element elementor-element-02b28bf\" data-id=\"02b28bf\" data-element_type=\"column\">\n\t\t\t<div class=\"elementor-widget-wrap elementor-element-populated\">\n\t\t\t\t\t\t<div class=\"elementor-element elementor-element-2096a13 elementor-widget elementor-widget-spacer\" data-id=\"2096a13\" data-element_type=\"widget\" data-widget_type=\"spacer.default\">\n\t\t\t\t<div class=\"elementor-widget-container\">\n\t\t\t\t\t\t\t<div class=\"elementor-spacer\">\n\t\t\t<div class=\"elementor-spacer-inner\"><\/div>\n\t\t<\/div>\n\t\t\t\t\t\t<\/div>\n\t\t\t\t<\/div>\n\t\t\t\t\t<\/div>\n\t\t<\/div>\n\t\t\t\t\t<\/div>\n\t\t<\/section>\n\t\t\t\t<section class=\"elementor-section elementor-top-section elementor-element elementor-element-86df242 elementor-section-boxed elementor-section-height-default elementor-section-height-default qodef-elementor-content-no\" data-id=\"86df242\" data-element_type=\"section\" data-settings=\"{&quot;background_background&quot;:&quot;classic&quot;}\">\n\t\t\t\t\t\t<div class=\"elementor-container elementor-column-gap-default\">\n\t\t\t\t\t<div class=\"elementor-column elementor-col-33 elementor-top-column elementor-element elementor-element-18a13c0\" data-id=\"18a13c0\" data-element_type=\"column\">\n\t\t\t<div class=\"elementor-widget-wrap elementor-element-populated\">\n\t\t\t\t\t\t<div class=\"elementor-element elementor-element-c520398 elementor-widget elementor-widget-heading\" data-id=\"c520398\" data-element_type=\"widget\" data-widget_type=\"heading.default\">\n\t\t\t\t<div class=\"elementor-widget-container\">\n\t\t\t\t\t<h2 class=\"elementor-heading-title elementor-size-default\">Concept<\/h2>\t\t\t\t<\/div>\n\t\t\t\t<\/div>\n\t\t\t\t<div class=\"elementor-element elementor-element-2776929 elementor-widget elementor-widget-text-editor\" data-id=\"2776929\" data-element_type=\"widget\" data-widget_type=\"text-editor.default\">\n\t\t\t\t<div class=\"elementor-widget-container\">\n\t\t\t\t\t\t\t\t\t<p align=\"justify\"><span style=\"font-size: medium;\">The <\/span><span style=\"font-size: medium;\">C<\/span><span style=\"font-size: medium;\">\u00f4a <\/span><span style=\"font-size: medium;\">H<\/span><span style=\"font-size: medium;\">oneycomb is intended to be the splendor of the magic of the river that gives it its name. Situated on the inner edge, municipality of <\/span><span style=\"font-size: medium;\">P<\/span><span style=\"font-size: medium;\">inhel, this is an agro tourism that strives for sustainability through the implementation of four wooden bungalows, in an olive grove at the height of the treetops. All in hexagonal format, wanting to symbolize a honeycomb and beekeeping, an activity that you can try on site. Tranquility, sustainability and contact with nature are some of the things that c\u00f4a honeycomb has to offer. We are waiting for you.\u00a0<\/span><\/p>\t\t\t\t\t\t\t\t<\/div>\n\t\t\t\t<\/div>\n\t\t\t\t<div class=\"elementor-element elementor-element-755ab83 elementor-widget elementor-widget-text-editor\" data-id=\"755ab83\" data-element_type=\"widget\" data-widget_type=\"text-editor.default\">\n\t\t\t\t<div class=\"elementor-widget-container\">\n\t\t\t\t\t\t\t\t\t<p>*Illustrative image of the project.<\/p>\t\t\t\t\t\t\t\t<\/div>\n\t\t\t\t<\/div>\n\t\t\t\t\t<\/div>\n\t\t<\/div>\n\t\t\t\t<div class=\"elementor-column elementor-col-66 elementor-top-column elementor-element elementor-element-300d52c\" data-id=\"300d52c\" data-element_type=\"column\">\n\t\t\t<div class=\"elementor-widget-wrap elementor-element-populated\">\n\t\t\t\t\t\t<div class=\"elementor-element elementor-element-cc71c33 elementor-widget elementor-widget-image\" data-id=\"cc71c33\" data-element_type=\"widget\" data-widget_type=\"image.default\">\n\t\t\t\t<div class=\"elementor-widget-container\">\n\t\t\t\t\t\t\t\t\t\t\t\t\t\t\t<img fetchpriority=\"high\" decoding=\"async\" width=\"740\" height=\"490\" src=\"https:\/\/coahoneycomb.com\/wp-content\/uploads\/2023\/03\/Conceito_Coa_Honeycomb.jpg\" class=\"attachment-large size-large wp-image-7253\" alt=\"\" srcset=\"https:\/\/coahoneycomb.com\/wp-content\/uploads\/2023\/03\/Conceito_Coa_Honeycomb.jpg 740w, https:\/\/coahoneycomb.com\/wp-content\/uploads\/2023\/03\/Conceito_Coa_Honeycomb-300x199.jpg 300w, https:\/\/coahoneycomb.com\/wp-content\/uploads\/2023\/03\/Conceito_Coa_Honeycomb-600x397.jpg 600w\" sizes=\"(max-width: 740px) 100vw, 740px\" \/>\t\t\t\t\t\t\t\t\t\t\t\t\t\t\t<\/div>\n\t\t\t\t<\/div>\n\t\t\t\t\t<\/div>\n\t\t<\/div>\n\t\t\t\t\t<\/div>\n\t\t<\/section>\n\t\t\t\t<section class=\"elementor-section elementor-top-section elementor-element elementor-element-9a80aa8 elementor-section-boxed elementor-section-height-default elementor-section-height-default qodef-elementor-content-no\" data-id=\"9a80aa8\" data-element_type=\"section\" data-settings=\"{&quot;background_background&quot;:&quot;classic&quot;}\">\n\t\t\t\t\t\t<div class=\"elementor-container elementor-column-gap-default\">\n\t\t\t\t\t<div class=\"elementor-column elementor-col-100 elementor-top-column elementor-element elementor-element-02cd690\" data-id=\"02cd690\" data-element_type=\"column\">\n\t\t\t<div class=\"elementor-widget-wrap elementor-element-populated\">\n\t\t\t\t\t\t<div class=\"elementor-element elementor-element-0f2c1b2 elementor-widget elementor-widget-spacer\" data-id=\"0f2c1b2\" data-element_type=\"widget\" data-widget_type=\"spacer.default\">\n\t\t\t\t<div class=\"elementor-widget-container\">\n\t\t\t\t\t\t\t<div class=\"elementor-spacer\">\n\t\t\t<div class=\"elementor-spacer-inner\"><\/div>\n\t\t<\/div>\n\t\t\t\t\t\t<\/div>\n\t\t\t\t<\/div>\n\t\t\t\t\t<\/div>\n\t\t<\/div>\n\t\t\t\t\t<\/div>\n\t\t<\/section>\n\t\t\t\t<section class=\"elementor-section elementor-top-section elementor-element elementor-element-30d7365 elementor-section-full_width elementor-section-height-default elementor-section-height-default qodef-elementor-content-no\" data-id=\"30d7365\" data-element_type=\"section\" data-settings=\"{&quot;background_background&quot;:&quot;classic&quot;}\">\n\t\t\t\t\t\t<div class=\"elementor-container elementor-column-gap-no\">\n\t\t\t\t\t<div class=\"elementor-column elementor-col-100 elementor-top-column elementor-element elementor-element-643f7ba\" data-id=\"643f7ba\" data-element_type=\"column\">\n\t\t\t<div class=\"elementor-widget-wrap elementor-element-populated\">\n\t\t\t\t\t\t<div class=\"elementor-element elementor-element-ab6ebaf elementor-widget__width-inherit elementor-widget elementor-widget-image\" data-id=\"ab6ebaf\" data-element_type=\"widget\" data-widget_type=\"image.default\">\n\t\t\t\t<div class=\"elementor-widget-container\">\n\t\t\t\t\t\t\t\t\t\t\t\t\t\t\t<img decoding=\"async\" width=\"1920\" height=\"600\" src=\"https:\/\/coahoneycomb.com\/wp-content\/uploads\/2023\/03\/Banner_Projeto_Coa_Honeycomb.jpg\" class=\"attachment-full size-full wp-image-7590\" alt=\"Banner\" srcset=\"https:\/\/coahoneycomb.com\/wp-content\/uploads\/2023\/03\/Banner_Projeto_Coa_Honeycomb.jpg 1920w, https:\/\/coahoneycomb.com\/wp-content\/uploads\/2023\/03\/Banner_Projeto_Coa_Honeycomb-300x94.jpg 300w, https:\/\/coahoneycomb.com\/wp-content\/uploads\/2023\/03\/Banner_Projeto_Coa_Honeycomb-1024x320.jpg 1024w, https:\/\/coahoneycomb.com\/wp-content\/uploads\/2023\/03\/Banner_Projeto_Coa_Honeycomb-768x240.jpg 768w, https:\/\/coahoneycomb.com\/wp-content\/uploads\/2023\/03\/Banner_Projeto_Coa_Honeycomb-1536x480.jpg 1536w, https:\/\/coahoneycomb.com\/wp-content\/uploads\/2023\/03\/Banner_Projeto_Coa_Honeycomb-600x188.jpg 600w\" sizes=\"(max-width: 1920px) 100vw, 1920px\" \/>\t\t\t\t\t\t\t\t\t\t\t\t\t\t\t<\/div>\n\t\t\t\t<\/div>\n\t\t\t\t\t<\/div>\n\t\t<\/div>\n\t\t\t\t\t<\/div>\n\t\t<\/section>\n\t\t\t\t<section class=\"elementor-section elementor-top-section elementor-element elementor-element-ff4e999 elementor-section-boxed elementor-section-height-default elementor-section-height-default qodef-elementor-content-no\" data-id=\"ff4e999\" data-element_type=\"section\" data-settings=\"{&quot;background_background&quot;:&quot;classic&quot;}\">\n\t\t\t\t\t\t<div class=\"elementor-container elementor-column-gap-default\">\n\t\t\t\t\t<div class=\"elementor-column elementor-col-100 elementor-top-column elementor-element elementor-element-9471f70\" data-id=\"9471f70\" data-element_type=\"column\">\n\t\t\t<div class=\"elementor-widget-wrap elementor-element-populated\">\n\t\t\t\t\t\t<div class=\"elementor-element elementor-element-4b9ef91 elementor-widget elementor-widget-spacer\" data-id=\"4b9ef91\" data-element_type=\"widget\" data-widget_type=\"spacer.default\">\n\t\t\t\t<div class=\"elementor-widget-container\">\n\t\t\t\t\t\t\t<div class=\"elementor-spacer\">\n\t\t\t<div class=\"elementor-spacer-inner\"><\/div>\n\t\t<\/div>\n\t\t\t\t\t\t<\/div>\n\t\t\t\t<\/div>\n\t\t\t\t\t<\/div>\n\t\t<\/div>\n\t\t\t\t\t<\/div>\n\t\t<\/section>\n\t\t\t\t<section class=\"elementor-section elementor-top-section elementor-element elementor-element-6b99544 elementor-section-boxed elementor-section-height-default elementor-section-height-default qodef-elementor-content-no\" data-id=\"6b99544\" data-element_type=\"section\" data-settings=\"{&quot;background_background&quot;:&quot;classic&quot;}\">\n\t\t\t\t\t\t<div class=\"elementor-container elementor-column-gap-default\">\n\t\t\t\t\t<div class=\"elementor-column elementor-col-66 elementor-top-column elementor-element elementor-element-b7bfb13\" data-id=\"b7bfb13\" data-element_type=\"column\">\n\t\t\t<div class=\"elementor-widget-wrap elementor-element-populated\">\n\t\t\t\t\t\t<div class=\"elementor-element elementor-element-a1895d0 elementor-widget elementor-widget-image\" data-id=\"a1895d0\" data-element_type=\"widget\" data-widget_type=\"image.default\">\n\t\t\t\t<div class=\"elementor-widget-container\">\n\t\t\t\t\t\t\t\t\t\t\t\t\t\t\t<img decoding=\"async\" width=\"740\" height=\"490\" src=\"https:\/\/coahoneycomb.com\/wp-content\/uploads\/2023\/04\/Conceito_Marca_Coa_Honeycomb_2.jpg\" class=\"attachment-large size-large wp-image-7678\" alt=\"Conceito\" srcset=\"https:\/\/coahoneycomb.com\/wp-content\/uploads\/2023\/04\/Conceito_Marca_Coa_Honeycomb_2.jpg 740w, https:\/\/coahoneycomb.com\/wp-content\/uploads\/2023\/04\/Conceito_Marca_Coa_Honeycomb_2-300x199.jpg 300w, https:\/\/coahoneycomb.com\/wp-content\/uploads\/2023\/04\/Conceito_Marca_Coa_Honeycomb_2-600x397.jpg 600w\" sizes=\"(max-width: 740px) 100vw, 740px\" \/>\t\t\t\t\t\t\t\t\t\t\t\t\t\t\t<\/div>\n\t\t\t\t<\/div>\n\t\t\t\t\t<\/div>\n\t\t<\/div>\n\t\t\t\t<div class=\"elementor-column elementor-col-33 elementor-top-column elementor-element elementor-element-6ed470c\" data-id=\"6ed470c\" data-element_type=\"column\">\n\t\t\t<div class=\"elementor-widget-wrap elementor-element-populated\">\n\t\t\t\t\t\t<div class=\"elementor-element elementor-element-120d1a8 elementor-widget elementor-widget-heading\" data-id=\"120d1a8\" data-element_type=\"widget\" data-widget_type=\"heading.default\">\n\t\t\t\t<div class=\"elementor-widget-container\">\n\t\t\t\t\t<h2 class=\"elementor-heading-title elementor-size-default\">Brand<\/h2>\t\t\t\t<\/div>\n\t\t\t\t<\/div>\n\t\t\t\t<div class=\"elementor-element elementor-element-5570c3c elementor-widget elementor-widget-text-editor\" data-id=\"5570c3c\" data-element_type=\"widget\" data-widget_type=\"text-editor.default\">\n\t\t\t\t<div class=\"elementor-widget-container\">\n\t\t\t\t\t\t\t\t\t<p><span style=\"font-weight: 400;\">Inspired by the beekeeping tradition, the surrounding olive grove where the combs are inserted and the ancient art of working with wood, the C\u00f4a Honeycomb concept comes from the combination of these activities. <\/span><span style=\"font-weight: 400;\">In this way, the hexagonal-shaped bungalows are reminiscent of honeycombs. The combs were named after the main elements of beekeeping, the queen, the drone, the bee and its main product, honey.<\/span><\/p><p><span style=\"font-weight: 400;\">The wooden construction was also chosen because it respects the surrounding landscape but also because it is a material of excellence in terms of living comfort, which guarantees a cozy stay.<\/span><\/p>\t\t\t\t\t\t\t\t<\/div>\n\t\t\t\t<\/div>\n\t\t\t\t\t<\/div>\n\t\t<\/div>\n\t\t\t\t\t<\/div>\n\t\t<\/section>\n\t\t\t\t<section class=\"elementor-section elementor-top-section elementor-element elementor-element-52659a7 elementor-section-boxed elementor-section-height-default elementor-section-height-default qodef-elementor-content-no\" data-id=\"52659a7\" data-element_type=\"section\" data-settings=\"{&quot;background_background&quot;:&quot;classic&quot;}\">\n\t\t\t\t\t\t<div class=\"elementor-container elementor-column-gap-default\">\n\t\t\t\t\t<div class=\"elementor-column elementor-col-100 elementor-top-column elementor-element elementor-element-f1180ad\" data-id=\"f1180ad\" data-element_type=\"column\">\n\t\t\t<div class=\"elementor-widget-wrap elementor-element-populated\">\n\t\t\t\t\t\t<div class=\"elementor-element elementor-element-ea8a269 elementor-widget elementor-widget-spacer\" data-id=\"ea8a269\" data-element_type=\"widget\" data-widget_type=\"spacer.default\">\n\t\t\t\t<div class=\"elementor-widget-container\">\n\t\t\t\t\t\t\t<div class=\"elementor-spacer\">\n\t\t\t<div class=\"elementor-spacer-inner\"><\/div>\n\t\t<\/div>\n\t\t\t\t\t\t<\/div>\n\t\t\t\t<\/div>\n\t\t\t\t\t<\/div>\n\t\t<\/div>\n\t\t\t\t\t<\/div>\n\t\t<\/section>\n\t\t\t\t<\/div>","protected":false},"excerpt":{"rendered":"<p>O Projeto Conceito O C\u00f4a Honeycomb pretende ser o esplendor da magia do rio que lhe d\u00e1 o nome. Situado na beira interior, concelho de Pinhel, este \u00e9 um agro turismo que prima pela sustentabilidade atrav\u00e9s da implementa\u00e7\u00e3o de quatro bungalows em madeira, num olival \u00e0 altura da copa das \u00e1rvores. Todos em formato hexagonal, [&hellip;]<\/p>","protected":false},"author":2,"featured_media":0,"parent":0,"menu_order":0,"comment_status":"closed","ping_status":"closed","template":"page-full-width.php","meta":{"footnotes":""},"class_list":["post-7073","page","type-page","status-publish","hentry"],"_links":{"self":[{"href":"https:\/\/coahoneycomb.com\/en\/wp-json\/wp\/v2\/pages\/7073","targetHints":{"allow":["GET"]}}],"collection":[{"href":"https:\/\/coahoneycomb.com\/en\/wp-json\/wp\/v2\/pages"}],"about":[{"href":"https:\/\/coahoneycomb.com\/en\/wp-json\/wp\/v2\/types\/page"}],"author":[{"embeddable":true,"href":"https:\/\/coahoneycomb.com\/en\/wp-json\/wp\/v2\/users\/2"}],"replies":[{"embeddable":true,"href":"https:\/\/coahoneycomb.com\/en\/wp-json\/wp\/v2\/comments?post=7073"}],"version-history":[{"count":37,"href":"https:\/\/coahoneycomb.com\/en\/wp-json\/wp\/v2\/pages\/7073\/revisions"}],"predecessor-version":[{"id":7778,"href":"https:\/\/coahoneycomb.com\/en\/wp-json\/wp\/v2\/pages\/7073\/revisions\/7778"}],"wp:attachment":[{"href":"https:\/\/coahoneycomb.com\/en\/wp-json\/wp\/v2\/media?parent=7073"}],"curies":[{"name":"wp","href":"https:\/\/api.w.org\/{rel}","templated":true}]}}